{"id":2101,"date":"2018-05-28T12:41:22","date_gmt":"2018-05-28T10:41:22","guid":{"rendered":"https:\/\/www.aski-gasetechnik.eu\/home\/"},"modified":"2025-09-09T13:33:13","modified_gmt":"2025-09-09T11:33:13","slug":"home","status":"publish","type":"page","link":"https:\/\/www.aski-gasetechnik.eu\/en\/","title":{"rendered":"Home"},"content":{"rendered":"<div id=\"pl-2101\"  class=\"panel-layout\" ><div id=\"pg-2101-0\"  class=\"panel-grid panel-has-style\" ><div class=\"panel-widget-style panel-row-style panel-row-style-for-2101-0\" ><div id=\"pgc-2101-0-0\"  class=\"panel-grid-cell\" ><div id=\"panel-2101-0-0-0\" class=\"so-panel widget widget_sow-editor panel-first-child panel-last-child\" data-index=\"0\" ><div\n\t\t\t\n\t\t\tclass=\"so-widget-sow-editor so-widget-sow-editor-base\"\n\t\t\t\n\t\t>\n<div class=\"siteorigin-widget-tinymce textwidget\">\n\t<h3>Welcome<\/h3>\n<p>ASKI Gasetechnik GmbH has been one of the leading companies in gas technology for almost two decades. And that worldwide.<br \/>\nWith a team of highly qualified and committed employees, we develop, produce and sell customised system solutions, complete assemblies and accessories for gas technology.<br \/>\nBy using state-of-the-art technologies, we can guarantee that our products are environmentally friendly and cost-saving.<br \/>\nWe invite you to visit our website to gain an impression of our company. <\/p>\n<\/div>\n<\/div><\/div><\/div><\/div><\/div><div id=\"pg-2101-1\"  class=\"panel-grid panel-has-style\"  style=\"margin-bottom: 0px;margin-left: 0px;margin-right: 0px;\" ><div class=\"gase-bg siteorigin-panels-stretch kt-panel-row-stretch panel-row-style panel-row-style-for-2101-1\" style=\"visibility: hidden;\" data-stretch-type=\"full\" ><div id=\"pgc-2101-1-0\"  class=\"panel-grid-cell\" ><div id=\"panel-2101-1-0-0\" class=\"so-panel widget widget_media_image panel-first-child\" data-index=\"1\" ><div class=\"panel-widget-style panel-widget-style-for-2101-1-0-0\" ><a href=\"\/en\/produkt-line\/mfc-mixing-systems\/\"><img loading=\"lazy\" decoding=\"async\" width=\"1024\" height=\"429\" src=\"https:\/\/www.aski-gasetechnik.eu\/wp-content\/uploads\/2018\/07\/aski-slide-02-1024x429.jpg\" class=\"image wp-image-1769  attachment-large size-large\" alt=\"Messger\u00e4te und Ventile auf einer Steuerungseinheit mit verschiedenen Druckanzeigen.\" style=\"max-width: 100%; height: auto;\" srcset=\"https:\/\/www.aski-gasetechnik.eu\/wp-content\/uploads\/2018\/07\/aski-slide-02-1024x429.jpg 1024w, https:\/\/www.aski-gasetechnik.eu\/wp-content\/uploads\/2018\/07\/aski-slide-02-300x126.jpg 300w, https:\/\/www.aski-gasetechnik.eu\/wp-content\/uploads\/2018\/07\/aski-slide-02-768x322.jpg 768w, https:\/\/www.aski-gasetechnik.eu\/wp-content\/uploads\/2018\/07\/aski-slide-02-540x226.jpg 540w, https:\/\/www.aski-gasetechnik.eu\/wp-content\/uploads\/2018\/07\/aski-slide-02.jpg 1920w\" sizes=\"auto, (max-width: 1024px) 100vw, 1024px\" \/><\/a><\/div><\/div><div id=\"panel-2101-1-0-1\" class=\"so-panel widget widget_sow-editor panel-last-child\" data-index=\"2\" ><div class=\"panel-widget-style panel-widget-style-for-2101-1-0-1\" ><div\n\t\t\t\n\t\t\tclass=\"so-widget-sow-editor so-widget-sow-editor-base\"\n\t\t\t\n\t\t>\n<div class=\"siteorigin-widget-tinymce textwidget\">\n\t<h3>MFC mixing systems<\/h3>\n<\/div>\n<\/div><\/div><\/div><\/div><div id=\"pgc-2101-1-1\"  class=\"panel-grid-cell\" ><div id=\"panel-2101-1-1-0\" class=\"so-panel widget widget_media_image panel-first-child\" data-index=\"3\" ><div class=\"panel-widget-style panel-widget-style-for-2101-1-1-0\" ><a href=\"\/en\/produkt-line\/analyse\/\"><img loading=\"lazy\" decoding=\"async\" width=\"900\" height=\"367\" src=\"https:\/\/www.aski-gasetechnik.eu\/wp-content\/uploads\/2021\/11\/aski-analyse.jpg\" class=\"image wp-image-1931  attachment-full size-full\" alt=\"Nahaufnahme einer Leiterplatte mit dem ASKI-Logo und elektronischen Komponenten.\" style=\"max-width: 100%; height: auto;\" srcset=\"https:\/\/www.aski-gasetechnik.eu\/wp-content\/uploads\/2021\/11\/aski-analyse.jpg 900w, https:\/\/www.aski-gasetechnik.eu\/wp-content\/uploads\/2021\/11\/aski-analyse-300x122.jpg 300w, https:\/\/www.aski-gasetechnik.eu\/wp-content\/uploads\/2021\/11\/aski-analyse-768x313.jpg 768w\" sizes=\"auto, (max-width: 900px) 100vw, 900px\" \/><\/a><\/div><\/div><div id=\"panel-2101-1-1-1\" class=\"so-panel widget widget_sow-editor panel-last-child\" data-index=\"4\" ><div class=\"panel-widget-style panel-widget-style-for-2101-1-1-1\" ><div\n\t\t\t\n\t\t\tclass=\"so-widget-sow-editor so-widget-sow-editor-base\"\n\t\t\t\n\t\t>\n<div class=\"siteorigin-widget-tinymce textwidget\">\n\t<h3>Analysis<\/h3>\n<\/div>\n<\/div><\/div><\/div><\/div><div id=\"pgc-2101-1-2\"  class=\"panel-grid-cell\" ><div id=\"panel-2101-1-2-0\" class=\"so-panel widget widget_media_image panel-first-child\" data-index=\"5\" ><div class=\"panel-widget-style panel-widget-style-for-2101-1-2-0\" ><a href=\"\/en\/produkt-line\/accessories\/\"><img loading=\"lazy\" decoding=\"async\" width=\"900\" height=\"367\" src=\"https:\/\/www.aski-gasetechnik.eu\/wp-content\/uploads\/2021\/11\/aski-zubehoer.jpg\" class=\"image wp-image-1932  attachment-full size-full\" alt=\"Nahaufnahme von gr\u00fcnen und schwarzen Rohren, die an eine Metallvorrichtung angeschlossen sind.\" style=\"max-width: 100%; height: auto;\" srcset=\"https:\/\/www.aski-gasetechnik.eu\/wp-content\/uploads\/2021\/11\/aski-zubehoer.jpg 900w, https:\/\/www.aski-gasetechnik.eu\/wp-content\/uploads\/2021\/11\/aski-zubehoer-300x122.jpg 300w, https:\/\/www.aski-gasetechnik.eu\/wp-content\/uploads\/2021\/11\/aski-zubehoer-768x313.jpg 768w\" sizes=\"auto, (max-width: 900px) 100vw, 900px\" \/><\/a><\/div><\/div><div id=\"panel-2101-1-2-1\" class=\"so-panel widget widget_sow-editor panel-last-child\" data-index=\"6\" ><div class=\"panel-widget-style panel-widget-style-for-2101-1-2-1\" ><div\n\t\t\t\n\t\t\tclass=\"so-widget-sow-editor so-widget-sow-editor-base\"\n\t\t\t\n\t\t>\n<div class=\"siteorigin-widget-tinymce textwidget\">\n\t<h3>Accessories<\/h3>\n<\/div>\n<\/div><\/div><\/div><\/div><\/div><\/div><\/div>","protected":false},"excerpt":{"rendered":"<p>Welcome ASKI Gasetechnik GmbH has been one of the leading companies in gas technology for almost two decades. And that worldwide. With a team of highly qualified and committed employees, we develop, produce and sell customised system solutions, complete assemblies &hellip; <a class=\"kt-excerpt-readmore\" href=\"https:\/\/www.aski-gasetechnik.eu\/en\/\" aria-label=\"Home\">Read More<\/a><\/p>\n","protected":false},"author":5,"featured_media":0,"parent":0,"menu_order":0,"comment_status":"closed","ping_status":"closed","template":"","meta":{"footnotes":""},"class_list":["post-2101","page","type-page","status-publish","hentry"],"yoast_head":"<!-- This site is optimized with the Yoast SEO plugin v27.4 - https:\/\/yoast.com\/product\/yoast-seo-wordpress\/ -->\n<title>ASKI Gasetechnik GmbH in N\u00fcmbrecht<\/title>\n<meta name=\"description\" content=\"ASKI Gasetechnik GmbH z\u00e4hlt seit zwei Jahrzehnten zu einem der f\u00fchrenden Unternehmen in der Gastechnik. Und das weltweit. \u27a4 Kontakt aufnehmen\" \/>\n<meta name=\"robots\" content=\"index, follow, max-snippet:-1, max-image-preview:large, max-video-preview:-1\" \/>\n<link rel=\"canonical\" href=\"https:\/\/www.aski-gasetechnik.eu\/en\/\" \/>\n<meta property=\"og:locale\" content=\"en_US\" \/>\n<meta property=\"og:type\" content=\"article\" \/>\n<meta property=\"og:title\" content=\"ASKI Gasetechnik GmbH in N\u00fcmbrecht\" \/>\n<meta property=\"og:description\" content=\"ASKI Gasetechnik GmbH z\u00e4hlt seit zwei Jahrzehnten zu einem der f\u00fchrenden Unternehmen in der Gastechnik. Und das weltweit. \u27a4 Kontakt aufnehmen\" \/>\n<meta property=\"og:url\" content=\"https:\/\/www.aski-gasetechnik.eu\/en\/\" \/>\n<meta property=\"og:site_name\" content=\"ASKI Gasetechnik GmbH in N\u00fcmbrecht\" \/>\n<meta property=\"article:modified_time\" content=\"2025-09-09T11:33:13+00:00\" \/>\n<meta name=\"twitter:card\" content=\"summary_large_image\" \/>\n<script type=\"application\/ld+json\" class=\"yoast-schema-graph\">{\"@context\":\"https:\\\/\\\/schema.org\",\"@graph\":[{\"@type\":\"WebPage\",\"@id\":\"https:\\\/\\\/www.aski-gasetechnik.eu\\\/en\\\/\",\"url\":\"https:\\\/\\\/www.aski-gasetechnik.eu\\\/en\\\/\",\"name\":\"ASKI Gasetechnik GmbH in N\u00fcmbrecht\",\"isPartOf\":{\"@id\":\"https:\\\/\\\/www.aski-gasetechnik.eu\\\/en\\\/#website\"},\"datePublished\":\"2018-05-28T10:41:22+00:00\",\"dateModified\":\"2025-09-09T11:33:13+00:00\",\"description\":\"ASKI Gasetechnik GmbH z\u00e4hlt seit zwei Jahrzehnten zu einem der f\u00fchrenden Unternehmen in der Gastechnik. Und das weltweit. \u27a4 Kontakt aufnehmen\",\"breadcrumb\":{\"@id\":\"https:\\\/\\\/www.aski-gasetechnik.eu\\\/en\\\/#breadcrumb\"},\"inLanguage\":\"en-US\",\"potentialAction\":[{\"@type\":\"ReadAction\",\"target\":[\"https:\\\/\\\/www.aski-gasetechnik.eu\\\/en\\\/\"]}]},{\"@type\":\"BreadcrumbList\",\"@id\":\"https:\\\/\\\/www.aski-gasetechnik.eu\\\/en\\\/#breadcrumb\",\"itemListElement\":[{\"@type\":\"ListItem\",\"position\":1,\"name\":\"Home\",\"item\":\"https:\\\/\\\/www.aski-gasetechnik.eu\\\/en\\\/\"},{\"@type\":\"ListItem\",\"position\":2,\"name\":\"Home\"}]},{\"@type\":\"WebSite\",\"@id\":\"https:\\\/\\\/www.aski-gasetechnik.eu\\\/en\\\/#website\",\"url\":\"https:\\\/\\\/www.aski-gasetechnik.eu\\\/en\\\/\",\"name\":\"ASKI Gasetechnik GmbH in N\u00fcmbrecht\",\"description\":\"Ihr Spezialist f\u00fcr Gastechnik\",\"publisher\":{\"@id\":\"https:\\\/\\\/www.aski-gasetechnik.eu\\\/en\\\/#organization\"},\"inLanguage\":\"en-US\"},{\"@type\":\"Organization\",\"@id\":\"https:\\\/\\\/www.aski-gasetechnik.eu\\\/en\\\/#organization\",\"name\":\"ASKI Gasetechnik GmbH in N\u00fcmbrecht\",\"url\":\"https:\\\/\\\/www.aski-gasetechnik.eu\\\/en\\\/\",\"logo\":{\"@type\":\"ImageObject\",\"inLanguage\":\"en-US\",\"@id\":\"https:\\\/\\\/www.aski-gasetechnik.eu\\\/en\\\/#\\\/schema\\\/logo\\\/image\\\/\",\"url\":\"https:\\\/\\\/www.aski-gasetechnik.eu\\\/wp-content\\\/uploads\\\/2021\\\/11\\\/logo-255x92-1.jpg\",\"contentUrl\":\"https:\\\/\\\/www.aski-gasetechnik.eu\\\/wp-content\\\/uploads\\\/2021\\\/11\\\/logo-255x92-1.jpg\",\"width\":255,\"height\":92,\"caption\":\"ASKI Gasetechnik GmbH in N\u00fcmbrecht\"},\"image\":{\"@id\":\"https:\\\/\\\/www.aski-gasetechnik.eu\\\/en\\\/#\\\/schema\\\/logo\\\/image\\\/\"}}]}<\/script>\n<!-- \/ Yoast SEO plugin. -->","yoast_head_json":{"title":"ASKI Gasetechnik GmbH in N\u00fcmbrecht","description":"ASKI Gasetechnik GmbH z\u00e4hlt seit zwei Jahrzehnten zu einem der f\u00fchrenden Unternehmen in der Gastechnik. Und das weltweit. \u27a4 Kontakt aufnehmen","robots":{"index":"index","follow":"follow","max-snippet":"max-snippet:-1","max-image-preview":"max-image-preview:large","max-video-preview":"max-video-preview:-1"},"canonical":"https:\/\/www.aski-gasetechnik.eu\/en\/","og_locale":"en_US","og_type":"article","og_title":"ASKI Gasetechnik GmbH in N\u00fcmbrecht","og_description":"ASKI Gasetechnik GmbH z\u00e4hlt seit zwei Jahrzehnten zu einem der f\u00fchrenden Unternehmen in der Gastechnik. Und das weltweit. \u27a4 Kontakt aufnehmen","og_url":"https:\/\/www.aski-gasetechnik.eu\/en\/","og_site_name":"ASKI Gasetechnik GmbH in N\u00fcmbrecht","article_modified_time":"2025-09-09T11:33:13+00:00","twitter_card":"summary_large_image","schema":{"@context":"https:\/\/schema.org","@graph":[{"@type":"WebPage","@id":"https:\/\/www.aski-gasetechnik.eu\/en\/","url":"https:\/\/www.aski-gasetechnik.eu\/en\/","name":"ASKI Gasetechnik GmbH in N\u00fcmbrecht","isPartOf":{"@id":"https:\/\/www.aski-gasetechnik.eu\/en\/#website"},"datePublished":"2018-05-28T10:41:22+00:00","dateModified":"2025-09-09T11:33:13+00:00","description":"ASKI Gasetechnik GmbH z\u00e4hlt seit zwei Jahrzehnten zu einem der f\u00fchrenden Unternehmen in der Gastechnik. Und das weltweit. \u27a4 Kontakt aufnehmen","breadcrumb":{"@id":"https:\/\/www.aski-gasetechnik.eu\/en\/#breadcrumb"},"inLanguage":"en-US","potentialAction":[{"@type":"ReadAction","target":["https:\/\/www.aski-gasetechnik.eu\/en\/"]}]},{"@type":"BreadcrumbList","@id":"https:\/\/www.aski-gasetechnik.eu\/en\/#breadcrumb","itemListElement":[{"@type":"ListItem","position":1,"name":"Home","item":"https:\/\/www.aski-gasetechnik.eu\/en\/"},{"@type":"ListItem","position":2,"name":"Home"}]},{"@type":"WebSite","@id":"https:\/\/www.aski-gasetechnik.eu\/en\/#website","url":"https:\/\/www.aski-gasetechnik.eu\/en\/","name":"ASKI Gasetechnik GmbH in N\u00fcmbrecht","description":"Ihr Spezialist f\u00fcr Gastechnik","publisher":{"@id":"https:\/\/www.aski-gasetechnik.eu\/en\/#organization"},"inLanguage":"en-US"},{"@type":"Organization","@id":"https:\/\/www.aski-gasetechnik.eu\/en\/#organization","name":"ASKI Gasetechnik GmbH in N\u00fcmbrecht","url":"https:\/\/www.aski-gasetechnik.eu\/en\/","logo":{"@type":"ImageObject","inLanguage":"en-US","@id":"https:\/\/www.aski-gasetechnik.eu\/en\/#\/schema\/logo\/image\/","url":"https:\/\/www.aski-gasetechnik.eu\/wp-content\/uploads\/2021\/11\/logo-255x92-1.jpg","contentUrl":"https:\/\/www.aski-gasetechnik.eu\/wp-content\/uploads\/2021\/11\/logo-255x92-1.jpg","width":255,"height":92,"caption":"ASKI Gasetechnik GmbH in N\u00fcmbrecht"},"image":{"@id":"https:\/\/www.aski-gasetechnik.eu\/en\/#\/schema\/logo\/image\/"}}]}},"_links":{"self":[{"href":"https:\/\/www.aski-gasetechnik.eu\/en\/wp-json\/wp\/v2\/pages\/2101","targetHints":{"allow":["GET"]}}],"collection":[{"href":"https:\/\/www.aski-gasetechnik.eu\/en\/wp-json\/wp\/v2\/pages"}],"about":[{"href":"https:\/\/www.aski-gasetechnik.eu\/en\/wp-json\/wp\/v2\/types\/page"}],"author":[{"embeddable":true,"href":"https:\/\/www.aski-gasetechnik.eu\/en\/wp-json\/wp\/v2\/users\/5"}],"replies":[{"embeddable":true,"href":"https:\/\/www.aski-gasetechnik.eu\/en\/wp-json\/wp\/v2\/comments?post=2101"}],"version-history":[{"count":2,"href":"https:\/\/www.aski-gasetechnik.eu\/en\/wp-json\/wp\/v2\/pages\/2101\/revisions"}],"predecessor-version":[{"id":2437,"href":"https:\/\/www.aski-gasetechnik.eu\/en\/wp-json\/wp\/v2\/pages\/2101\/revisions\/2437"}],"wp:attachment":[{"href":"https:\/\/www.aski-gasetechnik.eu\/en\/wp-json\/wp\/v2\/media?parent=2101"}],"curies":[{"name":"wp","href":"https:\/\/api.w.org\/{rel}","templated":true}]}}