{"id":2103,"date":"2018-05-28T12:51:10","date_gmt":"2018-05-28T10:51:10","guid":{"rendered":"https:\/\/www.aski-gasetechnik.eu\/about-us\/"},"modified":"2018-05-28T12:51:10","modified_gmt":"2018-05-28T10:51:10","slug":"about-us","status":"publish","type":"page","link":"https:\/\/www.aski-gasetechnik.eu\/en\/about-us\/","title":{"rendered":"About us"},"content":{"rendered":"<div id=\"pl-2103\"  class=\"panel-layout\" ><div id=\"pg-2103-0\"  class=\"panel-grid panel-no-style\" ><div id=\"pgc-2103-0-0\"  class=\"panel-grid-cell\" ><div id=\"panel-2103-0-0-0\" class=\"so-panel widget widget_sow-editor panel-first-child panel-last-child\" data-index=\"0\" ><div\n\t\t\t\n\t\t\tclass=\"so-widget-sow-editor so-widget-sow-editor-base\"\n\t\t\t\n\t\t><h3 class=\"widget-title\">Philosophy<\/h3>\n<div class=\"siteorigin-widget-tinymce textwidget\">\n\t<p>Our company philosophy is to be an innovative pioneer in development and technology and, without exception, to produce products of the highest precision and quality in order to offer our customers added value. All this is accompanied by a service concept that is tailored to the needs of the customer.<\/p>\n<p>At ASKI, we regard our employees as our most valuable asset. We attach great importance to ensuring that all employees are in good contact with each other.<\/p>\n<\/div>\n<\/div><\/div><\/div><div id=\"pgc-2103-0-1\"  class=\"panel-grid-cell\" ><div id=\"panel-2103-0-1-0\" class=\"so-panel widget widget_sow-image panel-first-child panel-last-child\" data-index=\"1\" ><div\n\t\t\t\n\t\t\tclass=\"so-widget-sow-image so-widget-sow-image-default-8b5b6f678277-2103\"\n\t\t\t\n\t\t>\n<div class=\"sow-image-container\">\n\t\t<img \n\tsrc=\"https:\/\/www.aski-gasetechnik.eu\/wp-content\/uploads\/2018\/06\/gasflamme.gif\" width=\"179\" height=\"272\" sizes=\"(max-width: 179px) 100vw, 179px\" alt=\"Blaue Gasflamme, die aus einem Brenner austritt, vor dunklem Hintergrund.\" \t\tclass=\"so-widget-image\"\/>\n\t<\/div>\n\n<\/div><\/div><\/div><\/div><\/div>","protected":false},"excerpt":{"rendered":"<p>Our company philosophy is to be an innovative pioneer in development and technology and, without exception, to produce products of the highest precision and quality in order to offer our customers added value. All this is accompanied by a service &hellip; <a class=\"kt-excerpt-readmore\" href=\"https:\/\/www.aski-gasetechnik.eu\/en\/about-us\/\" aria-label=\"About us\">Read More<\/a><\/p>\n","protected":false},"author":5,"featured_media":0,"parent":0,"menu_order":1,"comment_status":"closed","ping_status":"closed","template":"","meta":{"footnotes":""},"class_list":["post-2103","page","type-page","status-publish","hentry"],"yoast_head":"<!-- This site is optimized with the Yoast SEO plugin v27.4 - https:\/\/yoast.com\/product\/yoast-seo-wordpress\/ -->\n<title>About us - ASKI Gasetechnik GmbH in N\u00fcmbrecht<\/title>\n<meta name=\"description\" content=\"\u2713 Innovativer Vorreiter in Entwicklung und Technik \u2713 Produkte von h\u00f6chster Pr\u00e4zision und Qualit\u00e4t \u27a4 Jetzt Kontakt aufnehmen\" \/>\n<meta name=\"robots\" content=\"index, follow, max-snippet:-1, max-image-preview:large, max-video-preview:-1\" \/>\n<link rel=\"canonical\" href=\"https:\/\/www.aski-gasetechnik.eu\/en\/about-us\/\" \/>\n<meta property=\"og:locale\" content=\"en_US\" \/>\n<meta property=\"og:type\" content=\"article\" \/>\n<meta property=\"og:title\" content=\"About us - ASKI Gasetechnik GmbH in N\u00fcmbrecht\" \/>\n<meta property=\"og:description\" content=\"\u2713 Innovativer Vorreiter in Entwicklung und Technik \u2713 Produkte von h\u00f6chster Pr\u00e4zision und Qualit\u00e4t \u27a4 Jetzt Kontakt aufnehmen\" \/>\n<meta property=\"og:url\" content=\"https:\/\/www.aski-gasetechnik.eu\/en\/about-us\/\" \/>\n<meta property=\"og:site_name\" content=\"ASKI Gasetechnik GmbH in N\u00fcmbrecht\" \/>\n<meta name=\"twitter:card\" content=\"summary_large_image\" \/>\n<script type=\"application\/ld+json\" class=\"yoast-schema-graph\">{\"@context\":\"https:\\\/\\\/schema.org\",\"@graph\":[{\"@type\":\"WebPage\",\"@id\":\"https:\\\/\\\/www.aski-gasetechnik.eu\\\/en\\\/about-us\\\/\",\"url\":\"https:\\\/\\\/www.aski-gasetechnik.eu\\\/en\\\/about-us\\\/\",\"name\":\"About us - ASKI Gasetechnik GmbH in N\u00fcmbrecht\",\"isPartOf\":{\"@id\":\"https:\\\/\\\/www.aski-gasetechnik.eu\\\/en\\\/#website\"},\"datePublished\":\"2018-05-28T10:51:10+00:00\",\"description\":\"\u2713 Innovativer Vorreiter in Entwicklung und Technik \u2713 Produkte von h\u00f6chster Pr\u00e4zision und Qualit\u00e4t \u27a4 Jetzt Kontakt aufnehmen\",\"breadcrumb\":{\"@id\":\"https:\\\/\\\/www.aski-gasetechnik.eu\\\/en\\\/about-us\\\/#breadcrumb\"},\"inLanguage\":\"en-US\",\"potentialAction\":[{\"@type\":\"ReadAction\",\"target\":[\"https:\\\/\\\/www.aski-gasetechnik.eu\\\/en\\\/about-us\\\/\"]}]},{\"@type\":\"BreadcrumbList\",\"@id\":\"https:\\\/\\\/www.aski-gasetechnik.eu\\\/en\\\/about-us\\\/#breadcrumb\",\"itemListElement\":[{\"@type\":\"ListItem\",\"position\":1,\"name\":\"Home\",\"item\":\"https:\\\/\\\/www.aski-gasetechnik.eu\\\/en\\\/\"},{\"@type\":\"ListItem\",\"position\":2,\"name\":\"About us\"}]},{\"@type\":\"WebSite\",\"@id\":\"https:\\\/\\\/www.aski-gasetechnik.eu\\\/en\\\/#website\",\"url\":\"https:\\\/\\\/www.aski-gasetechnik.eu\\\/en\\\/\",\"name\":\"ASKI Gasetechnik GmbH in N\u00fcmbrecht\",\"description\":\"Ihr Spezialist f\u00fcr Gastechnik\",\"publisher\":{\"@id\":\"https:\\\/\\\/www.aski-gasetechnik.eu\\\/en\\\/#organization\"},\"inLanguage\":\"en-US\"},{\"@type\":\"Organization\",\"@id\":\"https:\\\/\\\/www.aski-gasetechnik.eu\\\/en\\\/#organization\",\"name\":\"ASKI Gasetechnik GmbH in N\u00fcmbrecht\",\"url\":\"https:\\\/\\\/www.aski-gasetechnik.eu\\\/en\\\/\",\"logo\":{\"@type\":\"ImageObject\",\"inLanguage\":\"en-US\",\"@id\":\"https:\\\/\\\/www.aski-gasetechnik.eu\\\/en\\\/#\\\/schema\\\/logo\\\/image\\\/\",\"url\":\"https:\\\/\\\/www.aski-gasetechnik.eu\\\/wp-content\\\/uploads\\\/2021\\\/11\\\/logo-255x92-1.jpg\",\"contentUrl\":\"https:\\\/\\\/www.aski-gasetechnik.eu\\\/wp-content\\\/uploads\\\/2021\\\/11\\\/logo-255x92-1.jpg\",\"width\":255,\"height\":92,\"caption\":\"ASKI Gasetechnik GmbH in N\u00fcmbrecht\"},\"image\":{\"@id\":\"https:\\\/\\\/www.aski-gasetechnik.eu\\\/en\\\/#\\\/schema\\\/logo\\\/image\\\/\"}}]}<\/script>\n<!-- \/ Yoast SEO plugin. -->","yoast_head_json":{"title":"About us - ASKI Gasetechnik GmbH in N\u00fcmbrecht","description":"\u2713 Innovativer Vorreiter in Entwicklung und Technik \u2713 Produkte von h\u00f6chster Pr\u00e4zision und Qualit\u00e4t \u27a4 Jetzt Kontakt aufnehmen","robots":{"index":"index","follow":"follow","max-snippet":"max-snippet:-1","max-image-preview":"max-image-preview:large","max-video-preview":"max-video-preview:-1"},"canonical":"https:\/\/www.aski-gasetechnik.eu\/en\/about-us\/","og_locale":"en_US","og_type":"article","og_title":"About us - ASKI Gasetechnik GmbH in N\u00fcmbrecht","og_description":"\u2713 Innovativer Vorreiter in Entwicklung und Technik \u2713 Produkte von h\u00f6chster Pr\u00e4zision und Qualit\u00e4t \u27a4 Jetzt Kontakt aufnehmen","og_url":"https:\/\/www.aski-gasetechnik.eu\/en\/about-us\/","og_site_name":"ASKI Gasetechnik GmbH in N\u00fcmbrecht","twitter_card":"summary_large_image","schema":{"@context":"https:\/\/schema.org","@graph":[{"@type":"WebPage","@id":"https:\/\/www.aski-gasetechnik.eu\/en\/about-us\/","url":"https:\/\/www.aski-gasetechnik.eu\/en\/about-us\/","name":"About us - ASKI Gasetechnik GmbH in N\u00fcmbrecht","isPartOf":{"@id":"https:\/\/www.aski-gasetechnik.eu\/en\/#website"},"datePublished":"2018-05-28T10:51:10+00:00","description":"\u2713 Innovativer Vorreiter in Entwicklung und Technik \u2713 Produkte von h\u00f6chster Pr\u00e4zision und Qualit\u00e4t \u27a4 Jetzt Kontakt aufnehmen","breadcrumb":{"@id":"https:\/\/www.aski-gasetechnik.eu\/en\/about-us\/#breadcrumb"},"inLanguage":"en-US","potentialAction":[{"@type":"ReadAction","target":["https:\/\/www.aski-gasetechnik.eu\/en\/about-us\/"]}]},{"@type":"BreadcrumbList","@id":"https:\/\/www.aski-gasetechnik.eu\/en\/about-us\/#breadcrumb","itemListElement":[{"@type":"ListItem","position":1,"name":"Home","item":"https:\/\/www.aski-gasetechnik.eu\/en\/"},{"@type":"ListItem","position":2,"name":"About us"}]},{"@type":"WebSite","@id":"https:\/\/www.aski-gasetechnik.eu\/en\/#website","url":"https:\/\/www.aski-gasetechnik.eu\/en\/","name":"ASKI Gasetechnik GmbH in N\u00fcmbrecht","description":"Ihr Spezialist f\u00fcr Gastechnik","publisher":{"@id":"https:\/\/www.aski-gasetechnik.eu\/en\/#organization"},"inLanguage":"en-US"},{"@type":"Organization","@id":"https:\/\/www.aski-gasetechnik.eu\/en\/#organization","name":"ASKI Gasetechnik GmbH in N\u00fcmbrecht","url":"https:\/\/www.aski-gasetechnik.eu\/en\/","logo":{"@type":"ImageObject","inLanguage":"en-US","@id":"https:\/\/www.aski-gasetechnik.eu\/en\/#\/schema\/logo\/image\/","url":"https:\/\/www.aski-gasetechnik.eu\/wp-content\/uploads\/2021\/11\/logo-255x92-1.jpg","contentUrl":"https:\/\/www.aski-gasetechnik.eu\/wp-content\/uploads\/2021\/11\/logo-255x92-1.jpg","width":255,"height":92,"caption":"ASKI Gasetechnik GmbH in N\u00fcmbrecht"},"image":{"@id":"https:\/\/www.aski-gasetechnik.eu\/en\/#\/schema\/logo\/image\/"}}]}},"_links":{"self":[{"href":"https:\/\/www.aski-gasetechnik.eu\/en\/wp-json\/wp\/v2\/pages\/2103","targetHints":{"allow":["GET"]}}],"collection":[{"href":"https:\/\/www.aski-gasetechnik.eu\/en\/wp-json\/wp\/v2\/pages"}],"about":[{"href":"https:\/\/www.aski-gasetechnik.eu\/en\/wp-json\/wp\/v2\/types\/page"}],"author":[{"embeddable":true,"href":"https:\/\/www.aski-gasetechnik.eu\/en\/wp-json\/wp\/v2\/users\/5"}],"replies":[{"embeddable":true,"href":"https:\/\/www.aski-gasetechnik.eu\/en\/wp-json\/wp\/v2\/comments?post=2103"}],"version-history":[{"count":0,"href":"https:\/\/www.aski-gasetechnik.eu\/en\/wp-json\/wp\/v2\/pages\/2103\/revisions"}],"wp:attachment":[{"href":"https:\/\/www.aski-gasetechnik.eu\/en\/wp-json\/wp\/v2\/media?parent=2103"}],"curies":[{"name":"wp","href":"https:\/\/api.w.org\/{rel}","templated":true}]}}